{"id":1193,"date":"2024-06-27T11:59:05","date_gmt":"2024-06-27T09:59:05","guid":{"rendered":"https:\/\/ergatic.fr\/?page_id=1193"},"modified":"2025-05-16T19:02:54","modified_gmt":"2025-05-16T17:02:54","slug":"a-propos","status":"publish","type":"page","link":"https:\/\/ergatic.fr\/de\/a-propos\/","title":{"rendered":"A Propos"},"content":{"rendered":"<div data-elementor-type=\"wp-page\" data-elementor-id=\"1193\" class=\"elementor elementor-1193\" data-elementor-post-type=\"page\">\n\t\t\t\t<div class=\"elementor-element elementor-element-13a5385 e-flex e-con-boxed e-con e-parent\" data-id=\"13a5385\" data-element_type=\"container\" data-e-type=\"container\" data-settings=\"{&quot;background_background&quot;:&quot;classic&quot;}\">\n\t\t\t\t\t<div class=\"e-con-inner\">\n\t\t<div class=\"elementor-element elementor-element-a76b21b e-flex e-con-boxed e-con e-child\" data-id=\"a76b21b\" data-element_type=\"container\" data-e-type=\"container\">\n\t\t\t\t\t<div class=\"e-con-inner\">\n\t\t\t\t<div class=\"elementor-element elementor-element-1bf01f5 elementor-widget elementor-widget-heading\" data-id=\"1bf01f5\" data-element_type=\"widget\" data-e-type=\"widget\" data-widget_type=\"heading.default\">\n\t\t\t\t<div class=\"elementor-widget-container\">\n\t\t\t\t\t<h1 class=\"elementor-heading-title elementor-size-default\">\u00fcber Ergatic<\/h1>\t\t\t\t<\/div>\n\t\t\t\t<\/div>\n\t\t\t\t\t<\/div>\n\t\t\t\t<\/div>\n\t\t\t\t\t<\/div>\n\t\t\t\t<\/div>\n\t\t<div class=\"elementor-element elementor-element-cfa7517 e-flex e-con-boxed e-con e-parent\" data-id=\"cfa7517\" data-element_type=\"container\" data-e-type=\"container\">\n\t\t\t\t\t<div class=\"e-con-inner\">\n\t\t\t\t<div class=\"elementor-element elementor-element-be72ca5 elementor-widget elementor-widget-heading\" data-id=\"be72ca5\" data-element_type=\"widget\" data-e-type=\"widget\" data-widget_type=\"heading.default\">\n\t\t\t\t<div class=\"elementor-widget-container\">\n\t\t\t\t\t<h2 class=\"elementor-heading-title elementor-size-default\">Beratung &amp; Ausbildung<\/h2>\t\t\t\t<\/div>\n\t\t\t\t<\/div>\n\t\t\t\t<div class=\"elementor-element elementor-element-bb5cd79 elementor-widget elementor-widget-text-editor\" data-id=\"bb5cd79\" data-element_type=\"widget\" data-e-type=\"widget\" data-widget_type=\"text-editor.default\">\n\t\t\t\t<div class=\"elementor-widget-container\">\n\t\t\t\t\t\t\t\t\t<ul><li>Consulting bei der Gr\u00fcndung eines OTN-Netzwerkanbieters in Frankreich; 20.000 km FON; Marktforschung, Auswahl von POPs (Voronoy), Pricing, Lead Research, Kunden-\/Lieferantenkontaktdatenbank (2019-2023).<\/li><li>Suche nach POPs (5 in Frankreich) in Datenzentren und Interconnection-Links f\u00fcr einen neuen Telekomanbieter (2022)<\/li><li>Vereinfachtes Vorprojekt (APS) f\u00fcr ein Datenzentrum in Dijon (2020)<\/li><li>Implantationsstudie Suche nach Fasern f\u00fcr ein Rechenzentrum in Marseille (2019).<\/li><li>Marketing Mix Produkt f\u00fcr ein Datenzentrum in Lyon (2018).<\/li><li>Datacenter-Markttraining f\u00fcr einen ISP in Benin (2019).<\/li><li>Telekomstudien f\u00fcr die Verlegung eines Rechenzentrums f\u00fcr einen Flughafen (2019).<\/li><li>Suche nach einem Telekomzugang f\u00fcr ein \u00f6ffentliches Rechenzentrum, das sich im Aufbau befindet (2019).<\/li><li>Begleitung Verkauf DC in Afrika (Kamerun, Benin, Elfenbeink\u00fcste) (2018)<\/li><li>Mitglied von OpenIX (seit 2018).<\/li><li>OpenIX-Begleitung f\u00fcr ein Datacenter in Paris (2017).<\/li><li>Standortauswahl f\u00fcr Datacenter Carrier neutral in Lyon (2017).<\/li><li>Telekom-Studien f\u00fcr Datacenter-Campus in Paris und Mailand. Fiber Sourcing und IXP Interconnection (2014).<\/li><li>Schulungen f\u00fcr afrikanische Telekommunikationsregulierungsbeh\u00f6rden zu Peering und IXP (2010-2015).<\/li><li>IXP-Ausbildung in 10 afrikanischen L\u00e4ndern (1 Jahr vor Ort).<\/li><li>Korrektor der franz\u00f6sischen \u00dcbersetzung des Pering-Handbuchs (B. Norton) (2014).<\/li><li>Beratung bei der Einrichtung eines kommerziellen Rechenzentrums f\u00fcr einen tunesischen Konzern (2011, 6 Monate vor Ort)<\/li><li>Gelegenheit, ein \u00f6ffentliches Datenzentrum f\u00fcr eine gro\u00dfe lokale Beh\u00f6rde einzurichten (3 Monate).<\/li><li>Beteiligung an der Einrichtung eines Carrier neutral Datacenters in Lyon (2011).<\/li><li>Produktmarketing f\u00fcr ein kommerzielles Rechenzentrum in Bahrain (2008, 5 Monate vor Ort).<\/li><li>Beteiligung an der Gr\u00fcndung eines kommerziellen Internetanbieters in Lyon (1995).<\/li><li>Beteiligung an der Gr\u00fcndung eines assoziativen Internetanbieters in Lyon BBS UUCP (1993).<\/li><\/ul>\t\t\t\t\t\t\t\t<\/div>\n\t\t\t\t<\/div>\n\t\t\t\t\t<\/div>\n\t\t\t\t<\/div>\n\t\t\t\t<\/div>","protected":false},"excerpt":{"rendered":"<p>\u00e0 propos d&rsquo;Ergatic Consulting &amp; formation Consulting lors de la cr\u00e9ation d&rsquo;un fournisseur de r\u00e9seau OTN en France ; 20.000 km de FON ; \u00e9tude de march\u00e9, s\u00e9lection des POPs (Voronoy), pricing, recherche prospects, base de contacts clients\/fournisseurs (2019-2023). Recherche de POPs (5 en France) en Datacenter, et des liens d&rsquo;interconnexion pour un nouvel op\u00e9rateur [&hellip;]<\/p>\n","protected":false},"author":2,"featured_media":0,"parent":0,"menu_order":0,"comment_status":"closed","ping_status":"closed","template":"","meta":{"footnotes":""},"class_list":["post-1193","page","type-page","status-publish","hentry"],"_links":{"self":[{"href":"https:\/\/ergatic.fr\/de\/wp-json\/wp\/v2\/pages\/1193","targetHints":{"allow":["GET"]}}],"collection":[{"href":"https:\/\/ergatic.fr\/de\/wp-json\/wp\/v2\/pages"}],"about":[{"href":"https:\/\/ergatic.fr\/de\/wp-json\/wp\/v2\/types\/page"}],"author":[{"embeddable":true,"href":"https:\/\/ergatic.fr\/de\/wp-json\/wp\/v2\/users\/2"}],"replies":[{"embeddable":true,"href":"https:\/\/ergatic.fr\/de\/wp-json\/wp\/v2\/comments?post=1193"}],"version-history":[{"count":12,"href":"https:\/\/ergatic.fr\/de\/wp-json\/wp\/v2\/pages\/1193\/revisions"}],"predecessor-version":[{"id":1960,"href":"https:\/\/ergatic.fr\/de\/wp-json\/wp\/v2\/pages\/1193\/revisions\/1960"}],"wp:attachment":[{"href":"https:\/\/ergatic.fr\/de\/wp-json\/wp\/v2\/media?parent=1193"}],"curies":[{"name":"wp","href":"https:\/\/api.w.org\/{rel}","templated":true}]}}