{"id":1333,"date":"2024-06-28T15:25:36","date_gmt":"2024-06-28T13:25:36","guid":{"rendered":"https:\/\/ergatic.fr\/?page_id=1333"},"modified":"2024-06-28T19:01:54","modified_gmt":"2024-06-28T17:01:54","slug":"trouver-un-dc","status":"publish","type":"page","link":"https:\/\/ergatic.fr\/de\/trouver-un-dc\/","title":{"rendered":"Einen DC finden"},"content":{"rendered":"<div data-elementor-type=\"wp-page\" data-elementor-id=\"1333\" class=\"elementor elementor-1333\" data-elementor-post-type=\"page\">\n\t\t\t\t<div class=\"elementor-element elementor-element-7ac77a e-flex e-con-boxed e-con e-parent\" data-id=\"7ac77a\" data-element_type=\"container\" data-e-type=\"container\">\n\t\t\t\t\t<div class=\"e-con-inner\">\n\t\t\t\t<div class=\"elementor-element elementor-element-7437aca9 elementor-widget elementor-widget-text-editor\" data-id=\"7437aca9\" data-element_type=\"widget\" data-e-type=\"widget\" data-widget_type=\"text-editor.default\">\n\t\t\t\t<div class=\"elementor-widget-container\">\n\t\t\t\t\t\t\t\t\t\n<p>Es ist schwierig, Rechenzentren f\u00fcr Ihren Bedarf in einer angemessenen Zeit auszuschreiben. Dabei k\u00f6nnen die strategischen, technischen und wirtschaftlichen Auswirkungen einer solchen Entscheidung erheblich sein. Ergatic DC bietet Ihnen eine kostenlose Schnellstudie, um ein DC zu finden, das Ihren Bed\u00fcrfnissen entspricht, indem Sie das untenstehende Formular ausf\u00fcllen. <\/p>\n\n\n\n<p>Wenn Sie mehr Kontrolle w\u00fcnschen, k\u00f6nnen wir Sie mithilfe einer Suche in unserer Datenbank, die \u00fcber 100 Kriterien umfasst, unterst\u00fctzen. Z\u00f6gern Sie nicht, unten das K\u00e4stchen \"Ich m\u00f6chte f\u00fcr eine ma\u00dfgeschneiderte Studie kontaktiert werden\" anzukreuzen. <\/p>\n\n\n\n<iframe class=\"airtable-embed\" src=\"https:\/\/airtable.com\/embed\/appRSmdBpGjHyQJYj\/shrPO24cIdsDGFB3Q\" frameborder=\"0\" onmousewheel=\"\" width=\"100%\" height=\"533\" style=\"background: transparent; border: 1px solid #ccc;\"><\/iframe>\n\t\t\t\t\t\t\t\t<\/div>\n\t\t\t\t<\/div>\n\t\t\t\t\t<\/div>\n\t\t\t\t<\/div>\n\t\t\t\t<\/div>","protected":false},"excerpt":{"rendered":"<p>Il est difficile de mettre en concurrence les datacenters pour votre besoin dans un temps raisonnable. Et pourtant, les impacts strat\u00e9giques, techniques et \u00e9conomiques d&rsquo;une telle d\u00e9cision peuvent \u00eatre importants. Ergatic DC vous propose gratuitement une \u00e9tude rapide pour trouver un DC qui correspond \u00e0 vos besoins en remplissant le formulaire ci dessous. Si vous [&hellip;]<\/p>\n","protected":false},"author":3,"featured_media":0,"parent":0,"menu_order":0,"comment_status":"closed","ping_status":"closed","template":"","meta":{"footnotes":""},"class_list":["post-1333","page","type-page","status-publish","hentry"],"_links":{"self":[{"href":"https:\/\/ergatic.fr\/de\/wp-json\/wp\/v2\/pages\/1333","targetHints":{"allow":["GET"]}}],"collection":[{"href":"https:\/\/ergatic.fr\/de\/wp-json\/wp\/v2\/pages"}],"about":[{"href":"https:\/\/ergatic.fr\/de\/wp-json\/wp\/v2\/types\/page"}],"author":[{"embeddable":true,"href":"https:\/\/ergatic.fr\/de\/wp-json\/wp\/v2\/users\/3"}],"replies":[{"embeddable":true,"href":"https:\/\/ergatic.fr\/de\/wp-json\/wp\/v2\/comments?post=1333"}],"version-history":[{"count":0,"href":"https:\/\/ergatic.fr\/de\/wp-json\/wp\/v2\/pages\/1333\/revisions"}],"wp:attachment":[{"href":"https:\/\/ergatic.fr\/de\/wp-json\/wp\/v2\/media?parent=1333"}],"curies":[{"name":"wp","href":"https:\/\/api.w.org\/{rel}","templated":true}]}}