{"id":1465,"date":"2024-10-06T16:55:23","date_gmt":"2024-10-06T14:55:23","guid":{"rendered":"https:\/\/ergatic.fr\/?page_id=1465"},"modified":"2024-10-06T17:28:23","modified_gmt":"2024-10-06T15:28:23","slug":"architecture-du-site-web","status":"publish","type":"page","link":"https:\/\/ergatic.fr\/de\/architecture-du-site-web\/","title":{"rendered":"Webseitenarchitektur"},"content":{"rendered":"<div data-elementor-type=\"wp-page\" data-elementor-id=\"1465\" class=\"elementor elementor-1465\" data-elementor-post-type=\"page\">\n\t\t\t\t<div class=\"elementor-element elementor-element-066059c e-flex e-con-boxed e-con e-parent\" data-id=\"066059c\" data-element_type=\"container\" data-e-type=\"container\">\n\t\t\t\t\t<div class=\"e-con-inner\">\n\t\t<div class=\"elementor-element elementor-element-6294250 e-con-full e-flex e-con e-child\" data-id=\"6294250\" data-element_type=\"container\" data-e-type=\"container\">\n\t\t\t\t<div class=\"elementor-element elementor-element-18a0cbc elementor-widget elementor-widget-text-editor\" data-id=\"18a0cbc\" data-element_type=\"widget\" data-e-type=\"widget\" data-widget_type=\"text-editor.default\">\n\t\t\t\t<div class=\"elementor-widget-container\">\n\t\t\t\t\t\t\t\t\t<p><strong style=\"color: var( --e-global-color-text ); text-align: var(--text-align); font-size: 1rem;\">1. Startseite<\/strong><\/p><ul><li>Vorstellung des Unternehmens (***)<\/li><li>Mission und Vision (*)<\/li><li>Schneller Zugriff auf die Hauptabschnitte (***)<br \/><br \/><\/li><\/ul><p><strong><span style=\"color: var( --e-global-color-text ); text-align: var(--text-align); font-size: 1rem;\">2. - 750 Rechenzentren<\/span><\/strong><\/p><ul><li>Suche nach Ort<\/li><li>Interaktive Karte der Rechenzentren<\/li><li>Filtern nach Region, Stadt und jedem anderen geeigneten Kriterium<\/li><li>Infobl\u00e4tter zu Rechenzentren<\/li><li>Datenbl\u00e4tter (Kapazit\u00e4t, Dienstleistungen, Sicherheit, Zertifizierungen usw.)<\/li><li>Nachrichten &amp; Trends DC<\/li><li><span style=\"background-color: transparent; color: var( --e-global-color-text ); text-align: var(--text-align);\"><span style=\"background-color: transparent; color: var( --e-global-color-text ); text-align: var(--text-align);\">Kundenmeinungen<br \/><br \/><\/span><\/span><\/li><\/ul><p><strong>3. - 1500 Dienstleister und Lieferanten<br \/><\/strong><\/p><ul><li>Kategorien von Dienstleistungen<\/li><li>Verwaltung, Instandhaltung, Strom, K\u00e4lte, Material, Technik usw.<\/li><li>Suche und Filterung nach Branchen, Kategorien etc.<\/li><li>Karteikarten der Anbieter<\/li><li>Beschreibung, angebotene Dienstleistungen,<\/li><li>Kundenmeinungen<br \/><br \/><\/li><\/ul><p><strong>4. - 250 Telekom-Betreiber + Fiber Finder<br \/><\/strong><\/p><ul><li>Liste der Operatoren<\/li><li>Detaillierte Steckbriefe (angebotene Leistungen, Abdeckung, Preise)<\/li><li>Telekom-Nachrichten<br \/><br \/><\/li><\/ul><p><strong>5. - 1000 N\u00fctzliche Adressen<\/strong><\/p><ul><li>Ressourcen nach Kategorie<\/li><li>Normen, Regulierungen, Berufsverb\u00e4nde<\/li><li>N\u00fctzliche Links<\/li><li>Regierungsseiten, Foren,<\/li><li>Online-Tools<br \/><br \/><\/li><\/ul><p><strong>6. - Ressourcen<\/strong><\/p><ul><li>Leitf\u00e4den und Wei\u00dfb\u00fccher<\/li><li>Herunterladen von Dokumenten<\/li><li>Webinare und Veranstaltungen<\/li><li>Veranstaltungskalender<\/li><li>FAQ<\/li><li>H\u00e4ufig gestellte Fragen<br \/><br \/><\/li><\/ul><p><strong>7. - Blog<\/strong><\/p><ul><li>Aktuelle Artikel<\/li><li>Trendanalysen<\/li><li>Fallstudien<br \/><br \/><\/li><\/ul><p><strong>8. - \u00dcber uns<\/strong><\/p><ul><li>Team und Expertise<\/li><li>Partner und Zusammenarbeit<\/li><li>Kontakt f\u00fcr berufliche M\u00f6glichkeiten<br \/><br \/><\/li><\/ul><p><strong>9. - Kontakt<\/strong><\/p><ul><li>Kontaktformular<\/li><li>Kontaktinformationen<\/li><li>Links zu sozialen Netzwerken<br \/><br \/><\/li><\/ul><p><strong>Zus\u00e4tzliche Funktionen<\/strong><\/p><ul><li>Erweiterte Suche: F\u00fcr eine schnelle Navigation in den verschiedenen Abschnitten.<\/li><li>Newsletter: Anmeldung f\u00fcr den Erhalt von Aktualisierungen und Branchennews.<\/li><li>Mitgliederbereich: F\u00fcr den Zugang zu Premium-Ressourcen oder personalisierten Dienstleistungen.<\/li><li>Dashboard: F\u00fcr registrierte Nutzer, zum Speichern von Suchanfragen und Vergleichen.<\/li><\/ul>\t\t\t\t\t\t\t\t<\/div>\n\t\t\t\t<\/div>\n\t\t\t\t<\/div>\n\t\t<div class=\"elementor-element elementor-element-564388d e-con-full e-flex e-con e-child\" data-id=\"564388d\" data-element_type=\"container\" data-e-type=\"container\">\n\t\t\t\t<div class=\"elementor-element elementor-element-78cba8a elementor-widget elementor-widget-text-editor\" data-id=\"78cba8a\" data-element_type=\"widget\" data-e-type=\"widget\" data-widget_type=\"text-editor.default\">\n\t\t\t\t<div class=\"elementor-widget-container\">\n\t\t\t\t\t\t\t\t\t<h3>Kommentare<\/h3>\t\t\t\t\t\t\t\t<\/div>\n\t\t\t\t<\/div>\n\t\t\t\t<div class=\"elementor-element elementor-element-25a7988 elementor-widget elementor-widget-text-editor\" data-id=\"25a7988\" data-element_type=\"widget\" data-e-type=\"widget\" data-widget_type=\"text-editor.default\">\n\t\t\t\t<div class=\"elementor-widget-container\">\n\t\t\t\t\t\t\t\t\t<p>Wir beginnen hier...<\/p>\t\t\t\t\t\t\t\t<\/div>\n\t\t\t\t<\/div>\n\t\t\t\t<\/div>\n\t\t\t\t\t<\/div>\n\t\t\t\t<\/div>\n\t\t\t\t<\/div>","protected":false},"excerpt":{"rendered":"<p>1. Accueil Pr\u00e9sentation de la soci\u00e9t\u00e9 (***) Mission et vision (*) Acc\u00e8s rapide aux sections principales (***) 2. &#8211; 750 Datacenters Recherche par localisation Carte interactive des datacenters Filtrage par r\u00e9gion, ville, et tout crit\u00e8re opportun Fiches infos des datacenters Fiches techniques (capacit\u00e9, services, s\u00e9curit\u00e9, certifications, etc) Actualit\u00e9s &amp; Tendances DC Avis clients 3. &#8211; [&hellip;]<\/p>\n","protected":false},"author":2,"featured_media":0,"parent":0,"menu_order":0,"comment_status":"closed","ping_status":"closed","template":"","meta":{"footnotes":""},"class_list":["post-1465","page","type-page","status-publish","hentry"],"_links":{"self":[{"href":"https:\/\/ergatic.fr\/de\/wp-json\/wp\/v2\/pages\/1465","targetHints":{"allow":["GET"]}}],"collection":[{"href":"https:\/\/ergatic.fr\/de\/wp-json\/wp\/v2\/pages"}],"about":[{"href":"https:\/\/ergatic.fr\/de\/wp-json\/wp\/v2\/types\/page"}],"author":[{"embeddable":true,"href":"https:\/\/ergatic.fr\/de\/wp-json\/wp\/v2\/users\/2"}],"replies":[{"embeddable":true,"href":"https:\/\/ergatic.fr\/de\/wp-json\/wp\/v2\/comments?post=1465"}],"version-history":[{"count":0,"href":"https:\/\/ergatic.fr\/de\/wp-json\/wp\/v2\/pages\/1465\/revisions"}],"wp:attachment":[{"href":"https:\/\/ergatic.fr\/de\/wp-json\/wp\/v2\/media?parent=1465"}],"curies":[{"name":"wp","href":"https:\/\/api.w.org\/{rel}","templated":true}]}}