{"id":1193,"date":"2024-06-27T11:59:05","date_gmt":"2024-06-27T09:59:05","guid":{"rendered":"https:\/\/ergatic.fr\/?page_id=1193"},"modified":"2025-05-16T19:02:54","modified_gmt":"2025-05-16T17:02:54","slug":"a-propos","status":"publish","type":"page","link":"https:\/\/ergatic.fr\/en\/a-propos\/","title":{"rendered":"About us"},"content":{"rendered":"<div data-elementor-type=\"wp-page\" data-elementor-id=\"1193\" class=\"elementor elementor-1193\" data-elementor-post-type=\"page\">\n\t\t\t\t<div class=\"elementor-element elementor-element-13a5385 e-flex e-con-boxed e-con e-parent\" data-id=\"13a5385\" data-element_type=\"container\" data-e-type=\"container\" data-settings=\"{&quot;background_background&quot;:&quot;classic&quot;}\">\n\t\t\t\t\t<div class=\"e-con-inner\">\n\t\t<div class=\"elementor-element elementor-element-a76b21b e-flex e-con-boxed e-con e-child\" data-id=\"a76b21b\" data-element_type=\"container\" data-e-type=\"container\">\n\t\t\t\t\t<div class=\"e-con-inner\">\n\t\t\t\t<div class=\"elementor-element elementor-element-1bf01f5 elementor-widget elementor-widget-heading\" data-id=\"1bf01f5\" data-element_type=\"widget\" data-e-type=\"widget\" data-widget_type=\"heading.default\">\n\t\t\t\t<div class=\"elementor-widget-container\">\n\t\t\t\t\t<h1 class=\"elementor-heading-title elementor-size-default\">about Ergatic<\/h1>\t\t\t\t<\/div>\n\t\t\t\t<\/div>\n\t\t\t\t\t<\/div>\n\t\t\t\t<\/div>\n\t\t\t\t\t<\/div>\n\t\t\t\t<\/div>\n\t\t<div class=\"elementor-element elementor-element-cfa7517 e-flex e-con-boxed e-con e-parent\" data-id=\"cfa7517\" data-element_type=\"container\" data-e-type=\"container\">\n\t\t\t\t\t<div class=\"e-con-inner\">\n\t\t\t\t<div class=\"elementor-element elementor-element-be72ca5 elementor-widget elementor-widget-heading\" data-id=\"be72ca5\" data-element_type=\"widget\" data-e-type=\"widget\" data-widget_type=\"heading.default\">\n\t\t\t\t<div class=\"elementor-widget-container\">\n\t\t\t\t\t<h2 class=\"elementor-heading-title elementor-size-default\">Consulting &amp; training<\/h2>\t\t\t\t<\/div>\n\t\t\t\t<\/div>\n\t\t\t\t<div class=\"elementor-element elementor-element-bb5cd79 elementor-widget elementor-widget-text-editor\" data-id=\"bb5cd79\" data-element_type=\"widget\" data-e-type=\"widget\" data-widget_type=\"text-editor.default\">\n\t\t\t\t<div class=\"elementor-widget-container\">\n\t\t\t\t\t\t\t\t\t<ul><li>Consulting for the creation of an OTN network provider in France; 20,000 km of FON; market study, selection of POPs (Voronoy), pricing, prospect research, customer\/supplier contact database (2019-2023).<\/li><li>Search for Datacenter POPs (5 in France) and interconnection links for a new telecom operator (2022)<\/li><li>Simplified preliminary design (APS) for a data center in Dijon (2020)<\/li><li>Fiber research study for a datacenter in Marseille (2019).<\/li><li>Product marketing mix for a datacenter in Lyon (2018).<\/li><li>Datacenter market training for an ISP in Benin (2019).<\/li><li>Telecom studies for the relocation of a datacenter for an airport (2019).<\/li><li>Search for telecom access for a new public datacenter (2019).<\/li><li>DC sales support in Africa (Cameroon, Benin, Ivory Coast) (2018)<\/li><li>Member of OpenIX (since 2018).<\/li><li>OpenIX support for a Parisian datacenter (2017).<\/li><li>Site selection for Datacenter Carrier neutral in Lyon (2017).<\/li><li>Telecom studies for Datacenter campuses in Paris and Milan. Fiber sourcing and IXP interconnection (2014).<\/li><li>Training for African telecoms regulators on peering and IXPs (2010-2015).<\/li><li>IXP training in 10 African countries (1 year on-site).<\/li><li>Proofreader of the French translation of the Pering Manual (B. Norton) (2014).<\/li><li>Consultancy in the creation of a commercial datacenter for a Tunisian group (2011, 6 months on site)<\/li><li>Opportunity to create a public data center for a large local authority (3 months).<\/li><li>Participation in the creation of a Carrier neutral datacenter in Lyon (2011).<\/li><li>Product marketing for a commercial datacenter in Bahrain (2008, 5 months on site).<\/li><li>Participation in the creation of a commercial Internet service provider in Lyon (1995).<\/li><li>Participation in the creation of an associative ISP in Lyon BBS UUCP (1993).<\/li><\/ul>\t\t\t\t\t\t\t\t<\/div>\n\t\t\t\t<\/div>\n\t\t\t\t\t<\/div>\n\t\t\t\t<\/div>\n\t\t\t\t<\/div>","protected":false},"excerpt":{"rendered":"<p>\u00e0 propos d&rsquo;Ergatic Consulting &amp; formation Consulting lors de la cr\u00e9ation d&rsquo;un fournisseur de r\u00e9seau OTN en France ; 20.000 km de FON ; \u00e9tude de march\u00e9, s\u00e9lection des POPs (Voronoy), pricing, recherche prospects, base de contacts clients\/fournisseurs (2019-2023). Recherche de POPs (5 en France) en Datacenter, et des liens d&rsquo;interconnexion pour un nouvel op\u00e9rateur [&hellip;]<\/p>\n","protected":false},"author":2,"featured_media":0,"parent":0,"menu_order":0,"comment_status":"closed","ping_status":"closed","template":"","meta":{"footnotes":""},"class_list":["post-1193","page","type-page","status-publish","hentry"],"_links":{"self":[{"href":"https:\/\/ergatic.fr\/en\/wp-json\/wp\/v2\/pages\/1193","targetHints":{"allow":["GET"]}}],"collection":[{"href":"https:\/\/ergatic.fr\/en\/wp-json\/wp\/v2\/pages"}],"about":[{"href":"https:\/\/ergatic.fr\/en\/wp-json\/wp\/v2\/types\/page"}],"author":[{"embeddable":true,"href":"https:\/\/ergatic.fr\/en\/wp-json\/wp\/v2\/users\/2"}],"replies":[{"embeddable":true,"href":"https:\/\/ergatic.fr\/en\/wp-json\/wp\/v2\/comments?post=1193"}],"version-history":[{"count":12,"href":"https:\/\/ergatic.fr\/en\/wp-json\/wp\/v2\/pages\/1193\/revisions"}],"predecessor-version":[{"id":1960,"href":"https:\/\/ergatic.fr\/en\/wp-json\/wp\/v2\/pages\/1193\/revisions\/1960"}],"wp:attachment":[{"href":"https:\/\/ergatic.fr\/en\/wp-json\/wp\/v2\/media?parent=1193"}],"curies":[{"name":"wp","href":"https:\/\/api.w.org\/{rel}","templated":true}]}}