{"id":1465,"date":"2024-10-06T16:55:23","date_gmt":"2024-10-06T14:55:23","guid":{"rendered":"https:\/\/ergatic.fr\/?page_id=1465"},"modified":"2024-10-06T17:28:23","modified_gmt":"2024-10-06T15:28:23","slug":"architecture-du-site-web","status":"publish","type":"page","link":"https:\/\/ergatic.fr\/en\/architecture-du-site-web\/","title":{"rendered":"website architecture"},"content":{"rendered":"<div data-elementor-type=\"wp-page\" data-elementor-id=\"1465\" class=\"elementor elementor-1465\" data-elementor-post-type=\"page\">\n\t\t\t\t<div class=\"elementor-element elementor-element-066059c e-flex e-con-boxed e-con e-parent\" data-id=\"066059c\" data-element_type=\"container\" data-e-type=\"container\">\n\t\t\t\t\t<div class=\"e-con-inner\">\n\t\t<div class=\"elementor-element elementor-element-6294250 e-con-full e-flex e-con e-child\" data-id=\"6294250\" data-element_type=\"container\" data-e-type=\"container\">\n\t\t\t\t<div class=\"elementor-element elementor-element-18a0cbc elementor-widget elementor-widget-text-editor\" data-id=\"18a0cbc\" data-element_type=\"widget\" data-e-type=\"widget\" data-widget_type=\"text-editor.default\">\n\t\t\t\t<div class=\"elementor-widget-container\">\n\t\t\t\t\t\t\t\t\t<p><strong style=\"color: var( --e-global-color-text ); text-align: var(--text-align); font-size: 1rem;\">1. Home<\/strong><\/p><ul><li>Company presentation (***)<\/li><li>Mission and vision (*)<\/li><li>Quick access to main sections (***)<br \/><br \/><\/li><\/ul><p><strong><span style=\"color: var( --e-global-color-text ); text-align: var(--text-align); font-size: 1rem;\">2. - 750 Datacenters<\/span><\/strong><\/p><ul><li>Search by location<\/li><li>Interactive data center map<\/li><li>Filter by region, city, and any other relevant criteria<\/li><li>Data center factsheets<\/li><li>Technical data sheets (capacity, services, safety, certifications, etc.)<\/li><li>DC News &amp; Trends<\/li><li><span style=\"background-color: transparent; color: var( --e-global-color-text ); text-align: var(--text-align);\"><span style=\"background-color: transparent; color: var( --e-global-color-text ); text-align: var(--text-align);\">Customer reviews<br \/><br \/><\/span><\/span><\/li><\/ul><p><strong>3. - 1500 Service providers and suppliers<br \/><\/strong><\/p><ul><li>Service categories<\/li><li>Management, maintenance, electricity, refrigeration, equipment, engineering, etc.<\/li><li>Search and filter by sector, category, etc.<\/li><li>Provider files<\/li><li>Description, services offered,<\/li><li>customer reviews<br \/><br \/><\/li><\/ul><p><strong>4. - 250 Telecom Operators + Fiber Finder<br \/><\/strong><\/p><ul><li>List of operators<\/li><li>Detailed fact sheets (services offered, coverage, rates)<\/li><li>Telecom news<br \/><br \/><\/li><\/ul><p><strong>5. - 1000 Useful Addresses<\/strong><\/p><ul><li>Resources by category<\/li><li>Standards, regulations, professional associations<\/li><li>Useful links<\/li><li>Government sites, forums,<\/li><li>online tools<br \/><br \/><\/li><\/ul><p><strong>6. - Resources<\/strong><\/p><ul><li>Guides and White Papers<\/li><li>Document downloads<\/li><li>Webinars and Events<\/li><li>Events calendar<\/li><li>FAQ<\/li><li>Frequently asked questions<br \/><br \/><\/li><\/ul><p><strong>7. - Blog<\/strong><\/p><ul><li>News articles<\/li><li>Trend analysis<\/li><li>Case studies<br \/><br \/><\/li><\/ul><p><strong>8. - About us<\/strong><\/p><ul><li>Team and expertise<\/li><li>Partners and collaborations<\/li><li>Contact for business opportunities<br \/><br \/><\/li><\/ul><p><strong>9. - Contact<\/strong><\/p><ul><li>Contact form<\/li><li>Contact information<\/li><li>Links to social networks<br \/><br \/><\/li><\/ul><p><strong>Additional features<\/strong><\/p><ul><li>Advanced search: For quick navigation through the various sections.<\/li><li>Newsletter: Subscribe to receive updates and industry news.<\/li><li>Members' Area: Access premium resources and personalized services.<\/li><li>Dashboard: For registered users, for saving searches and comparisons.<\/li><\/ul>\t\t\t\t\t\t\t\t<\/div>\n\t\t\t\t<\/div>\n\t\t\t\t<\/div>\n\t\t<div class=\"elementor-element elementor-element-564388d e-con-full e-flex e-con e-child\" data-id=\"564388d\" data-element_type=\"container\" data-e-type=\"container\">\n\t\t\t\t<div class=\"elementor-element elementor-element-78cba8a elementor-widget elementor-widget-text-editor\" data-id=\"78cba8a\" data-element_type=\"widget\" data-e-type=\"widget\" data-widget_type=\"text-editor.default\">\n\t\t\t\t<div class=\"elementor-widget-container\">\n\t\t\t\t\t\t\t\t\t<h3>Comments<\/h3>\t\t\t\t\t\t\t\t<\/div>\n\t\t\t\t<\/div>\n\t\t\t\t<div class=\"elementor-element elementor-element-25a7988 elementor-widget elementor-widget-text-editor\" data-id=\"25a7988\" data-element_type=\"widget\" data-e-type=\"widget\" data-widget_type=\"text-editor.default\">\n\t\t\t\t<div class=\"elementor-widget-container\">\n\t\t\t\t\t\t\t\t\t<p>We start here...<\/p>\t\t\t\t\t\t\t\t<\/div>\n\t\t\t\t<\/div>\n\t\t\t\t<\/div>\n\t\t\t\t\t<\/div>\n\t\t\t\t<\/div>\n\t\t\t\t<\/div>","protected":false},"excerpt":{"rendered":"<p>1. Accueil Pr\u00e9sentation de la soci\u00e9t\u00e9 (***) Mission et vision (*) Acc\u00e8s rapide aux sections principales (***) 2. &#8211; 750 Datacenters Recherche par localisation Carte interactive des datacenters Filtrage par r\u00e9gion, ville, et tout crit\u00e8re opportun Fiches infos des datacenters Fiches techniques (capacit\u00e9, services, s\u00e9curit\u00e9, certifications, etc) Actualit\u00e9s &amp; Tendances DC Avis clients 3. &#8211; [&hellip;]<\/p>\n","protected":false},"author":2,"featured_media":0,"parent":0,"menu_order":0,"comment_status":"closed","ping_status":"closed","template":"","meta":{"footnotes":""},"class_list":["post-1465","page","type-page","status-publish","hentry"],"_links":{"self":[{"href":"https:\/\/ergatic.fr\/en\/wp-json\/wp\/v2\/pages\/1465","targetHints":{"allow":["GET"]}}],"collection":[{"href":"https:\/\/ergatic.fr\/en\/wp-json\/wp\/v2\/pages"}],"about":[{"href":"https:\/\/ergatic.fr\/en\/wp-json\/wp\/v2\/types\/page"}],"author":[{"embeddable":true,"href":"https:\/\/ergatic.fr\/en\/wp-json\/wp\/v2\/users\/2"}],"replies":[{"embeddable":true,"href":"https:\/\/ergatic.fr\/en\/wp-json\/wp\/v2\/comments?post=1465"}],"version-history":[{"count":0,"href":"https:\/\/ergatic.fr\/en\/wp-json\/wp\/v2\/pages\/1465\/revisions"}],"wp:attachment":[{"href":"https:\/\/ergatic.fr\/en\/wp-json\/wp\/v2\/media?parent=1465"}],"curies":[{"name":"wp","href":"https:\/\/api.w.org\/{rel}","templated":true}]}}